{"id":85,"date":"2022-05-18T10:47:55","date_gmt":"2022-05-18T08:47:55","guid":{"rendered":"https:\/\/3d-manufacturing.net\/?page_id=85"},"modified":"2023-10-10T21:02:48","modified_gmt":"2023-10-10T19:02:48","slug":"about-me","status":"publish","type":"page","link":"https:\/\/3d-manufacturing.net\/portfolio-gallery\/about-me\/","title":{"rendered":"ABOUT ME"},"content":{"rendered":"\t\t<div data-elementor-type=\"wp-page\" data-elementor-id=\"85\" class=\"elementor elementor-85\">\n\t\t\t\t\t\t<section class=\"elementor-section elementor-top-section elementor-element elementor-element-752f1de1 elementor-section-boxed elementor-section-height-default elementor-section-height-default\" data-id=\"752f1de1\" data-element_type=\"section\" data-e-type=\"section\">\n\t\t\t\t\t\t<div class=\"elementor-container elementor-column-gap-default\">\n\t\t\t\t\t<div class=\"elementor-column elementor-col-100 elementor-top-column elementor-element elementor-element-de188f4\" data-id=\"de188f4\" data-element_type=\"column\" data-e-type=\"column\">\n\t\t\t<div class=\"elementor-widget-wrap elementor-element-populated\">\n\t\t\t\t\t\t<div class=\"elementor-element elementor-element-62d74615 elementor-widget elementor-widget-text-editor\" data-id=\"62d74615\" data-element_type=\"widget\" data-e-type=\"widget\" data-widget_type=\"text-editor.default\">\n\t\t\t\t<div class=\"elementor-widget-container\">\n\t\t\t\t\t\t\t\t\t<p><\/p>\n<h2 style=\"text-align: center;\">\u00dcBER MICH<\/h2>\n<p class=\"wp-block-paragraph\">\u00a0<\/p>\n<p><img decoding=\"async\" width=\"150\" height=\"226\" class=\"wp-image-802\" style=\"width: 150px;\" src=\"https:\/\/3d-manufacturing.net\/wp-content\/uploads\/2022\/05\/PROFIL-2-1-scaled.jpg\" alt=\"\" srcset=\"https:\/\/3d-manufacturing.net\/wp-content\/uploads\/2022\/05\/PROFIL-2-1-scaled.jpg 1696w, https:\/\/3d-manufacturing.net\/wp-content\/uploads\/2022\/05\/PROFIL-2-1-199x300.jpg 199w, https:\/\/3d-manufacturing.net\/wp-content\/uploads\/2022\/05\/PROFIL-2-1-678x1024.jpg 678w, https:\/\/3d-manufacturing.net\/wp-content\/uploads\/2022\/05\/PROFIL-2-1-768x1160.jpg 768w, https:\/\/3d-manufacturing.net\/wp-content\/uploads\/2022\/05\/PROFIL-2-1-1017x1536.jpg 1017w, https:\/\/3d-manufacturing.net\/wp-content\/uploads\/2022\/05\/PROFIL-2-1-1356x2048.jpg 1356w, https:\/\/3d-manufacturing.net\/wp-content\/uploads\/2022\/05\/PROFIL-2-1-170x256.jpg 170w, https:\/\/3d-manufacturing.net\/wp-content\/uploads\/2022\/05\/PROFIL-2-1-950x1434.jpg 950w, https:\/\/3d-manufacturing.net\/wp-content\/uploads\/2022\/05\/PROFIL-2-1-1920x2899.jpg 1920w\" sizes=\"(max-width: 150px) 100vw, 150px\" \/><\/p>\n<p><\/p>\n<p class=\"wp-block-paragraph\">\ud83c\udfa8 Eintauchen in die Welt der 3D-Kreativit\u00e4t | Eine Passion von \u00fcber einem Jahrzehnt \ud83d\ude80<\/p>\n<p><strong>S<\/strong>chon als Kind war ich fasziniert von der M\u00f6glichkeit, Welten und Ideen in der 3D-Dimension zum Leben zu erwecken. Seit mehr als einem Jahrzehnt bin ich tief in die faszinierende Welt der 3D-Kunst eingetaucht. Meine leidenschaftliche Hingabe f\u00fcr dieses digitale Medium hat mich von einem Neugierigen und Enthusiasten zu einem 3D-K\u00fcnstler entwickelt, der seit dem ersten Moment von der Magie der virtuellen Dimensionen gefesselt ist.<\/p>\n<p>\ud83c\udfc6 Vielseitige Projekterfahrung mit renommierten Marken und Unternehmen \ud83d\ude80<\/p>\n<p><strong>M<\/strong>ein Portfolio erstreckt sich \u00fcber eine beeindruckende Bandbreite von Projekten, von spannenden Aufgaben in kleinen Innovationswerkst\u00e4tten bis hin zu hochkar\u00e4tigen Kooperationen mit internationalen Schwergewichten wie Safran Group, BIGPOINT, Ubisoft, Deutsche Bahn, Porsche, MERCK, MAHINDRA, BOING, AIRBUS, DIOR, ERGON und mehr. Diese Gelegenheiten haben mir nicht nur erlaubt, meine kreative Expertise zu entfalten, sondern auch wertvolle Einblicke in verschiedene Industrien zu gewinnen.<\/p>\n<p>\ud83d\udd27 Fertigkeiten, die die Grenzen der Realit\u00e4t erweitern \u2728<\/p>\n<p><strong>M<\/strong>eine F\u00e4higkeiten umfassen ein breites Spektrum, von pr\u00e4zisem 3D-Modeling bis hin zu fesselnden Renderings und Texturierungen. Meine Expertise erstreckt sich \u00fcber Realtime-Techniken bis hin zu anspruchsvollen ACES Verfahren. Ebenso beherrsche ich Technical CAD\/3D, 3D-Scan-Erstellung und Optimierung, sowie das Erstellen und Anpassen von 3D-Reliefs und Texturen. Zus\u00e4tzlich verf\u00fcge ich \u00fcber Erfahrung in der Modifikation von STL-Daten f\u00fcr Fr\u00e4sverfahren und 3D-Druck. Meine profunde Kenntnis von CAD-Methodik, einschlie\u00dflich CATIA, rundet mein Repertoire ab.<\/p>\n<p>\ud83c\udf10 Die Welt von morgen heute erforschen \ud83d\ude80<\/p>\n<p><strong>I<\/strong>n einer sich st\u00e4ndig wandelnden technologischen Landschaft bin ich bestrebt, den Horizont zu erweitern. Mit Erfahrung in VR\/AR \u00f6ffnen sich faszinierende T\u00fcren zu neuen Realit\u00e4ten und Erlebnissen, die ich gerne mit Ihnen erkunde und nutze.<\/p>\n<p>\ud83d\ude80 Lassen Sie uns zusammen kreative Grenzen durchbrechen \ud83c\udfa8<\/p>\n<p><strong>I<\/strong>ch lade Sie herzlich ein, mich auf meiner Reise durch die virtuelle Kreativit\u00e4t zu begleiten. Gemeinsam k\u00f6nnen wir Ihre Visionen zum Leben erwecken und beeindruckende digitale Welten gestalten.<\/p>\n<p>\u00a0<\/p>\n<p><\/p>\n<hr class=\"wp-block-separator has-alpha-channel-opacity\" \/>\n<p><\/p>\n<p class=\"wp-block-paragraph\"><strong>I<\/strong>ch bin unerm\u00fcdlich auf der Suche nach neuen Herausforderungen und Aufgabenstellungen. Fragen, Ideen? Bitte einfach und unkompliziert per Mail, Skype, Discord, WhatsApp oder ganz old scool like per Telefon melden, ich freue mich!<\/p>\n<p><\/p>\n<p class=\"wp-block-paragraph\">3D Lebenslauf in Kurzform:<\/p>\n<p><\/p>\n<blockquote class=\"wp-block-quote is-layout-flow wp-block-quote-is-layout-flow\">\n<p><\/p>\n<p class=\"wp-block-paragraph\">2008 Start in <strong>M\u00fcnchen<\/strong> am <strong>quantm Institute<\/strong> (Diplom of Interactive Design).<\/p>\n<p><\/p>\n<p class=\"wp-block-paragraph\">2008 <strong>3ds MAX <\/strong>kennen &amp; lieben gelernt.<\/p>\n<p><\/p>\n<p class=\"wp-block-paragraph\">2008 erste Gehversuche in der Gamesbranche mit einem Studienbegleitetem Praktikum bei <a href=\"https:\/\/en.wikipedia.org\/wiki\/Coreplay\" target=\"_blank\" rel=\"noopener\">Coreplay <\/a>in M\u00fcnchen (Gametitel: <strong>Germany&#8217;s next Topmodel<\/strong>) das ganze auch gleich noch in <strong>MAYA <\/strong><img decoding=\"async\" class=\"emoji\" role=\"img\" draggable=\"false\" src=\"https:\/\/s.w.org\/images\/core\/emoji\/14.0.0\/svg\/1f648.svg\" alt=\"\ud83d\ude48\" \/><\/p>\n<p><\/p>\n<p class=\"wp-block-paragraph\">2010 in Zusammenarbeit mit <a href=\"https:\/\/www.armageddon-industries.de\" target=\"_blank\" rel=\"noreferrer noopener\">Phil Amelung<\/a> den 1. Platz in der Kategorie &#8220;<strong>Environment Scene<\/strong>&#8221; <strong>Dominance War IV<\/strong><\/p>\n<p><\/p>\n<p class=\"wp-block-paragraph\">2010 Das erste Abenteuer in der Gamesbranche beginnt -&gt; ab nach Mainz zu <strong><a href=\"https:\/\/de.wikipedia.org\/wiki\/Related_Designs\" target=\"_blank\" rel=\"noopener\">Related Designs<\/a><\/strong> (<strong>Ubisoft<\/strong>) ein Praktikum als Environment Artist (Anno 1404\/2070)<\/p>\n<p><\/p>\n<p class=\"wp-block-paragraph\">2010\/2011 Der erste Job als <strong>Environment Artist<\/strong> in Hamburg bei <strong><a href=\"https:\/\/www.bigpoint.net\" target=\"_blank\" rel=\"noopener\">Bigpoint<\/a><\/strong>. Dort war ich zuerst im Team <a title=\"Seafight \" href=\"https:\/\/www.seafight.com\/?locale=de\" target=\"_blank\" rel=\"noopener\">Seafight <\/a>und sp\u00e4ter im <a href=\"The World Beyond\" target=\"_blank\" rel=\"noopener\">Khultan: The World Beyond<\/a> Projekt (3D-Modelling, Rendering Leveldesign, Shader-Design in Unity)<\/p>\n<p><\/p>\n<p class=\"wp-block-paragraph\">2011\/2012 Der Wechsel in die <strong>CAD<\/strong>-Branche, und zur\u00fcck in die Heimat. (CATIA-Trainer, CAD-Konstruktionsdienstleistungen, Methodik-Beratung)<\/p>\n<p><\/p>\n<p class=\"wp-block-paragraph\">2013 kleiner Zwischenstopp als <strong>3D-Artist<\/strong> bei <a href=\"https:\/\/www.looplight.de\/looplight_cms\/\" target=\"_blank\" rel=\"noopener\">Looplight<\/a>, dort habe ich in die Technik der 3D-Projektion reinschnuppern d\u00fcrfen.<\/p>\n<p><\/p>\n<p class=\"wp-block-paragraph\">2014 als <strong>CATIA\/CAD-Administrator<\/strong> (Sell GmbH sp\u00e4ter <a href=\"https:\/\/www.safran-group.com\/locations\/germany\/safran-cabin-herborn-2077353\" target=\"_blank\" rel=\"noopener\">Safran Cabin Germany<\/a>) (CATIA-Trainer, Konstruktion, Methodik, Technischer Projektberatung, Level 1&amp;2 Support, Administration des CAD-Systems, Anpassungen der CATIA Makros. Rendering)<\/p>\n<p><\/p>\n<p class=\"wp-block-paragraph\">2020 Lockdown und Zeit endlich Blender zu lernen! Ich nutze Blender schon l\u00e4nger aber richtig sicher im Umgang war ich nie, heute 2 Jahre sp\u00e4ter vermisse ich <strong>nichts<\/strong> was mir eine andere 3D &#8220;CAD&#8221;-Software bieten k\u00f6nnte, &#8220;au\u00dfer&#8221; Sculpting das f\u00fchlt sich in ZBrush einfach &#8220;direkter&#8221; an. Wobei das Sculpting in Blender auch schon was kann ;)&#8230; Update aus der Zukunft Sept.2022: Sculpting in Blender ist AWESOME! F\u00fcr manche Zwecke ist zBrush trotzdem unangefochten die NO\u00b01.<\/p>\n<p><\/p>\n<p class=\"wp-block-paragraph\">2020 Zusammenarbeit mit <a href=\"https:\/\/marquardt-3d.de\" target=\"_blank\" rel=\"noreferrer noopener\">J\u00f6rg Marquardt<\/a> im Bereich 3D-Scan &amp; Reverse Engineering..<\/p>\n<p><\/p>\n<p class=\"wp-block-paragraph\">seit 2021 Freelance 3D-Artist &#8211; Beratung und praktische Unterst\u00fctzung in der Prozessentwicklung bei der Bereitstellung und Konvertierung von CAD Daten f\u00fcr die Visualisierung oder weitere Verarbeitung im Bereich 3D-Druck, Fr\u00e4sen oder Laser und zudem sehr spannende Realtime\/3D Projekte.<\/p>\n<p><\/p>\n<\/blockquote>\n<p><\/p>\n<p class=\"wp-block-paragraph\">Software die ich Nutze:<\/p>\n<p>\u00a0<\/p>\n<p><\/p>\n<figure class=\"wp-block-image size-large\"><img fetchpriority=\"high\" decoding=\"async\" width=\"1024\" height=\"149\" class=\"wp-image-88\" src=\"https:\/\/3d-manufacturing.net\/wp-content\/uploads\/2022\/05\/Software-1-1024x149.png\" alt=\"\" srcset=\"https:\/\/3d-manufacturing.net\/wp-content\/uploads\/2022\/05\/Software-1-1024x149.png 1024w, https:\/\/3d-manufacturing.net\/wp-content\/uploads\/2022\/05\/Software-1-300x44.png 300w, https:\/\/3d-manufacturing.net\/wp-content\/uploads\/2022\/05\/Software-1-768x112.png 768w, https:\/\/3d-manufacturing.net\/wp-content\/uploads\/2022\/05\/Software-1-1536x224.png 1536w, https:\/\/3d-manufacturing.net\/wp-content\/uploads\/2022\/05\/Software-1-411x60.png 411w, https:\/\/3d-manufacturing.net\/wp-content\/uploads\/2022\/05\/Software-1.png 1920w\" sizes=\"(max-width: 1024px) 100vw, 1024px\" \/><\/figure>\n<p><\/p>\n<p class=\"wp-block-paragraph\">\u00a0<\/p>\n<p><strong>FEATURED IN<\/strong> <a href=\"https:\/\/3d-manufacturing.net\/wp-content\/uploads\/2023\/10\/logo-80lvl.svg\">\u00a0<\/a><a href=\"https:\/\/80.lv\/articles\/moonspire-on-how-its-speechbound-rpg-helps-learn-languages-in-fun-way\/\" target=\"_blank\" rel=\"noopener\"><img decoding=\"async\" class=\"alignnone wp-image-2367 size-full\" role=\"img\" src=\"https:\/\/3d-manufacturing.net\/wp-content\/uploads\/2023\/10\/logo-80lvl.svg\" alt=\"\" width=\"127\" height=\"35\" \/><\/a><\/p>\n<p>\u00a0<\/p>\n<p>English Version:<\/p>\n<p><\/p>\n<h2 class=\"has-text-align-center\" style=\"text-align: center;\"><strong>ABOUT ME<\/strong><\/h2>\n<p class=\"wp-block-paragraph\"><\/p>\n<p class=\"wp-block-paragraph\">I am a 3D artist, generalist and sometimes CAD specialist and enthusiast. With many years of project experience and an unbroken passion for 3D and creative images and all that goes with it. As a specialist for CAD data transfer or handover, I also support companies in process development in CGI image creation of the further and on the same line I can create CAD\/3D data eg for CAD\/CAM, 3D printing. Lately I have also created so called 3D relief textures for milling or lasering. You can find the samples here on the site. In my free time I spend as much time as I can outdoors, mostly on my mountain bike, but also hiking especially in the mountains \ud83d\ude42 Since I love to photograph nature landscapes, these two sports are very suitable for balance.<\/p>\n<p><\/p>\n<p class=\"wp-block-paragraph\">I am tirelessly looking for new challenges and tasks. Questions, ideas? Please contact me simply and uncomplicated by mail, Skype, Discord, WhatsApp or very old scool like by phone, I&#8217;m looking forward to it!<\/p>\n<p>\u00a0<\/p>\n<p><\/p>\n<blockquote>\n<p class=\"wp-block-paragraph\">2008 first steps in the games industry with an internship at Coreplay in Munich (gametitle: Germany&#8217;s next Topmodel) the whole thing also in MAYA <img decoding=\"async\" class=\"emoji\" role=\"img\" draggable=\"false\" src=\"https:\/\/s.w.org\/images\/core\/emoji\/14.0.0\/svg\/1f648.svg\" alt=\"\ud83d\ude48\" \/><\/p>\n<p>2010 in collaboration with Phil Amelung the 1st place in the category &#8220;Environment Scene&#8221; Dominance War IV<\/p>\n<p>2010 The first adventure in the games industry begins -&gt; off to Mainz to Related Designs (Ubisoft) an internship as Environment Artist (Anno 1404\/2070)<\/p>\n<p>2010\/2011 My first job as an environment artist in Hamburg at Bigpoint. There I was first in Team Seafight and later in the Khultan: The World Beyond project (3D modeling, rendering level design, shader design in Unity)<\/p>\n<p>2011\/2012 The change to the CAD industry, and back home. (CATIA trainer, CAD design services, methodology consulting).<\/p>\n<p>2013 small stopover as a 3D artist at Looplight, there I was allowed to get a taste of the technology of 3D projection.<\/p>\n<p>2014 as CATIA\/CAD administrator (Sell GmbH later Safran Cabin Germany) (CATIA trainer, design, methodology, technical project consulting, level 1&amp;2 support, administration of the CAD system, adjustments of CATIA macros. Rendering)<\/p>\n<p>2020 Lockdown and time to finally learn Blender! I&#8217;ve been using Blender for a long time but I was never really confident in using it, today 2 years later I don&#8217;t miss anything that another 3D &#8220;CAD&#8221; software could offer me, &#8220;except&#8221; sculpting that just feels more &#8220;direct&#8221; in ZBrush. Whereby the sculpting in Blender can also do something ;)&#8230; Update from the future Sept.2022: Sculpting in Blender is AWESOME! For some purposes zBrush is still the undisputed NO\u00b01.<\/p>\n<p>2020 Collaboration with J\u00f6rg Marquardt in the field of 3D scanning &amp; reverse engineering&#8230;.<\/p>\n<p>since 2021 Freelance 3D-Artist &#8211; consulting and practical support in process development in providing and converting CAD data for visualization or further processing in 3D printing, milling or laser and also very exciting realtime\/3D projects.<\/p>\n<\/blockquote>\n<p><\/p>\t\t\t\t\t\t\t\t<\/div>\n\t\t\t\t<\/div>\n\t\t\t\t\t<\/div>\n\t\t<\/div>\n\t\t\t\t\t<\/div>\n\t\t<\/section>\n\t\t\t\t<\/div>\n\t\t","protected":false},"excerpt":{"rendered":"<p>\u00dcBER MICH \u00a0 \ud83c\udfa8 Eintauchen in die Welt der 3D-Kreativit\u00e4t | Eine Passion von \u00fcber einem Jahrzehnt \ud83d\ude80 Schon als&#8230; <\/p>\n<div class=\"trm-el-more\"><a href=\"https:\/\/3d-manufacturing.net\/portfolio-gallery\/about-me\/\" class=\"trm-label trm-label-color\"><span>Read more<\/span> <i class=\"fas fa-arrow-right\"><\/i><\/a><\/div>\n","protected":false},"author":1,"featured_media":0,"parent":0,"menu_order":0,"comment_status":"closed","ping_status":"closed","template":"","meta":{"_crdt_document":"","footnotes":""},"class_list":["post-85","page","type-page","status-publish","hentry"],"acf":[],"aioseo_notices":[],"jetpack_sharing_enabled":true,"_links":{"self":[{"href":"https:\/\/3d-manufacturing.net\/portfolio-gallery\/wp-json\/wp\/v2\/pages\/85","targetHints":{"allow":["GET"]}}],"collection":[{"href":"https:\/\/3d-manufacturing.net\/portfolio-gallery\/wp-json\/wp\/v2\/pages"}],"about":[{"href":"https:\/\/3d-manufacturing.net\/portfolio-gallery\/wp-json\/wp\/v2\/types\/page"}],"author":[{"embeddable":true,"href":"https:\/\/3d-manufacturing.net\/portfolio-gallery\/wp-json\/wp\/v2\/users\/1"}],"replies":[{"embeddable":true,"href":"https:\/\/3d-manufacturing.net\/portfolio-gallery\/wp-json\/wp\/v2\/comments?post=85"}],"version-history":[{"count":44,"href":"https:\/\/3d-manufacturing.net\/portfolio-gallery\/wp-json\/wp\/v2\/pages\/85\/revisions"}],"predecessor-version":[{"id":2379,"href":"https:\/\/3d-manufacturing.net\/portfolio-gallery\/wp-json\/wp\/v2\/pages\/85\/revisions\/2379"}],"wp:attachment":[{"href":"https:\/\/3d-manufacturing.net\/portfolio-gallery\/wp-json\/wp\/v2\/media?parent=85"}],"curies":[{"name":"wp","href":"https:\/\/api.w.org\/{rel}","templated":true}]}}